{"id":461,"date":"2023-06-09T23:09:21","date_gmt":"2023-06-09T20:09:21","guid":{"rendered":"http:\/\/westcamper.com.ua\/?page_id=461"},"modified":"2023-08-06T23:51:24","modified_gmt":"2023-08-06T20:51:24","slug":"%d0%b7%d0%b2%d1%96%d1%82%d0%b8","status":"publish","type":"page","link":"http:\/\/westcamper.com.ua\/?page_id=461","title":{"rendered":"\u0417\u0432\u0456\u0442\u0438"},"content":{"rendered":"\t\t<div data-elementor-type=\"wp-page\" data-elementor-id=\"461\" class=\"elementor elementor-461\" data-elementor-settings=\"[]\">\n\t\t\t<div class=\"elementor-inner\">\n\t\t\t\t<div class=\"elementor-section-wrap\">\n\t\t\t\t\t\t\t<section class=\"elementor-element elementor-element-00fac5b elementor-section-boxed elementor-section-height-default elementor-section-height-default elementor-section elementor-top-section\" data-id=\"00fac5b\" data-element_type=\"section\">\n\t\t\t\t\t\t<div class=\"elementor-container elementor-column-gap-no\">\n\t\t\t\t<div class=\"elementor-row\">\n\t\t\t\t<div class=\"elementor-element elementor-element-826944e elementor-column elementor-col-100 elementor-top-column\" data-id=\"826944e\" data-element_type=\"column\">\n\t\t\t<div class=\"elementor-column-wrap  elementor-element-populated\">\n\t\t\t\t\t<div class=\"elementor-widget-wrap\">\n\t\t\t\t<section class=\"elementor-element elementor-element-684e3ac elementor-section-boxed elementor-section-height-default elementor-section-height-default elementor-section elementor-inner-section\" data-id=\"684e3ac\" data-element_type=\"section\">\n\t\t\t\t\t\t<div class=\"elementor-container elementor-column-gap-default\">\n\t\t\t\t<div class=\"elementor-row\">\n\t\t\t\t<div class=\"elementor-element elementor-element-21eb25e elementor-invisible elementor-column elementor-col-33 elementor-inner-column\" data-id=\"21eb25e\" data-element_type=\"column\" data-settings=\"{&quot;animation&quot;:&quot;slideInLeft&quot;}\">\n\t\t\t<div class=\"elementor-column-wrap  elementor-element-populated\">\n\t\t\t\t\t<div class=\"elementor-widget-wrap\">\n\t\t\t\t<div class=\"elementor-element elementor-element-6ba6150 elementor-position-top elementor-vertical-align-top elementor-widget elementor-widget-image-box\" data-id=\"6ba6150\" data-element_type=\"widget\" data-widget_type=\"image-box.default\">\n\t\t\t\t<div class=\"elementor-widget-container\">\n\t\t\t<div class=\"elementor-image-box-wrapper\"><figure class=\"elementor-image-box-img\"><a href=\"http:\/\/westcamper.com.ua\/forum\/viewtopic.php?f=72&#038;t=4763\"><img width=\"1600\" height=\"900\" src=\"http:\/\/westcamper.com.ua\/wp-content\/uploads\/2021\/03\/\u0438\u0437\u043e\u0431\u0440\u0430\u0436\u0435\u043d\u0438\u0435_viber_2021-03-02_13-20-06-2.jpg\" class=\"attachment-full size-full\" alt=\"\" decoding=\"async\" loading=\"lazy\" srcset=\"http:\/\/westcamper.com.ua\/wp-content\/uploads\/2021\/03\/\u0438\u0437\u043e\u0431\u0440\u0430\u0436\u0435\u043d\u0438\u0435_viber_2021-03-02_13-20-06-2.jpg 1600w, http:\/\/westcamper.com.ua\/wp-content\/uploads\/2021\/03\/\u0438\u0437\u043e\u0431\u0440\u0430\u0436\u0435\u043d\u0438\u0435_viber_2021-03-02_13-20-06-2-300x169.jpg 300w, http:\/\/westcamper.com.ua\/wp-content\/uploads\/2021\/03\/\u0438\u0437\u043e\u0431\u0440\u0430\u0436\u0435\u043d\u0438\u0435_viber_2021-03-02_13-20-06-2-1024x576.jpg 1024w, http:\/\/westcamper.com.ua\/wp-content\/uploads\/2021\/03\/\u0438\u0437\u043e\u0431\u0440\u0430\u0436\u0435\u043d\u0438\u0435_viber_2021-03-02_13-20-06-2-768x432.jpg 768w, http:\/\/westcamper.com.ua\/wp-content\/uploads\/2021\/03\/\u0438\u0437\u043e\u0431\u0440\u0430\u0436\u0435\u043d\u0438\u0435_viber_2021-03-02_13-20-06-2-1536x864.jpg 1536w, http:\/\/westcamper.com.ua\/wp-content\/uploads\/2021\/03\/\u0438\u0437\u043e\u0431\u0440\u0430\u0436\u0435\u043d\u0438\u0435_viber_2021-03-02_13-20-06-2-150x85.jpg 150w, http:\/\/westcamper.com.ua\/wp-content\/uploads\/2021\/03\/\u0438\u0437\u043e\u0431\u0440\u0430\u0436\u0435\u043d\u0438\u0435_viber_2021-03-02_13-20-06-2-600x338.jpg 600w\" sizes=\"(max-width: 1600px) 100vw, 1600px\" \/><\/a><\/figure><div class=\"elementor-image-box-content\"><h3 class=\"elementor-image-box-title\"><a href=\"http:\/\/westcamper.com.ua\/forum\/viewtopic.php?f=72&#038;t=4763\">8 \u0431\u0435\u0440\u0435\u0437\u043d\u044f 2021 \u0443 \u041a\u0430\u0440\u043f\u0430\u0442\u0430\u0445. \u041f\u043e\u043b\u044f\u043d\u0430<\/a><\/h3><\/div><\/div>\t\t<\/div>\n\t\t\t\t<\/div>\n\t\t\t\t\t\t<\/div>\n\t\t\t<\/div>\n\t\t<\/div>\n\t\t\t\t<div class=\"elementor-element elementor-element-47107cf elementor-invisible elementor-column elementor-col-33 elementor-inner-column\" data-id=\"47107cf\" data-element_type=\"column\" data-settings=\"{&quot;animation&quot;:&quot;slideInLeft&quot;}\">\n\t\t\t<div class=\"elementor-column-wrap  elementor-element-populated\">\n\t\t\t\t\t<div class=\"elementor-widget-wrap\">\n\t\t\t\t<div class=\"elementor-element elementor-element-4da53d5 elementor-position-top elementor-vertical-align-top elementor-widget elementor-widget-image-box\" data-id=\"4da53d5\" data-element_type=\"widget\" data-widget_type=\"image-box.default\">\n\t\t\t\t<div class=\"elementor-widget-container\">\n\t\t\t<div class=\"elementor-image-box-wrapper\"><figure class=\"elementor-image-box-img\"><a href=\"http:\/\/westcamper.com.ua\/forum\/viewtopic.php?f=73&#038;t=4194\"><img width=\"1600\" height=\"900\" src=\"http:\/\/westcamper.com.ua\/wp-content\/uploads\/2020\/05\/\u0438\u0437\u043e\u0431\u0440\u0430\u0436\u0435\u043d\u0438\u0435_viber_2020-04-16_13-43-18.jpg\" class=\"attachment-full size-full\" alt=\"\" decoding=\"async\" loading=\"lazy\" srcset=\"http:\/\/westcamper.com.ua\/wp-content\/uploads\/2020\/05\/\u0438\u0437\u043e\u0431\u0440\u0430\u0436\u0435\u043d\u0438\u0435_viber_2020-04-16_13-43-18.jpg 1600w, http:\/\/westcamper.com.ua\/wp-content\/uploads\/2020\/05\/\u0438\u0437\u043e\u0431\u0440\u0430\u0436\u0435\u043d\u0438\u0435_viber_2020-04-16_13-43-18-300x169.jpg 300w, http:\/\/westcamper.com.ua\/wp-content\/uploads\/2020\/05\/\u0438\u0437\u043e\u0431\u0440\u0430\u0436\u0435\u043d\u0438\u0435_viber_2020-04-16_13-43-18-1024x576.jpg 1024w, http:\/\/westcamper.com.ua\/wp-content\/uploads\/2020\/05\/\u0438\u0437\u043e\u0431\u0440\u0430\u0436\u0435\u043d\u0438\u0435_viber_2020-04-16_13-43-18-768x432.jpg 768w, http:\/\/westcamper.com.ua\/wp-content\/uploads\/2020\/05\/\u0438\u0437\u043e\u0431\u0440\u0430\u0436\u0435\u043d\u0438\u0435_viber_2020-04-16_13-43-18-1536x864.jpg 1536w, http:\/\/westcamper.com.ua\/wp-content\/uploads\/2020\/05\/\u0438\u0437\u043e\u0431\u0440\u0430\u0436\u0435\u043d\u0438\u0435_viber_2020-04-16_13-43-18-150x85.jpg 150w, http:\/\/westcamper.com.ua\/wp-content\/uploads\/2020\/05\/\u0438\u0437\u043e\u0431\u0440\u0430\u0436\u0435\u043d\u0438\u0435_viber_2020-04-16_13-43-18-600x338.jpg 600w\" sizes=\"(max-width: 1600px) 100vw, 1600px\" \/><\/a><\/figure><div class=\"elementor-image-box-content\"><h3 class=\"elementor-image-box-title\"><a href=\"http:\/\/westcamper.com.ua\/forum\/viewtopic.php?f=73&#038;t=4194\">\u0423\u0433\u043e\u0440\u0449\u0438\u043d\u0430, R\u00e1ckeve. 12-15 \u0431\u0435\u0440\u0435\u0437\u043d\u044f 2020.<\/a><\/h3><\/div><\/div>\t\t<\/div>\n\t\t\t\t<\/div>\n\t\t\t\t\t\t<\/div>\n\t\t\t<\/div>\n\t\t<\/div>\n\t\t\t\t<div class=\"elementor-element elementor-element-fa594fd elementor-invisible elementor-column elementor-col-33 elementor-inner-column\" data-id=\"fa594fd\" data-element_type=\"column\" data-settings=\"{&quot;animation&quot;:&quot;slideInUp&quot;}\">\n\t\t\t<div class=\"elementor-column-wrap  elementor-element-populated\">\n\t\t\t\t\t<div class=\"elementor-widget-wrap\">\n\t\t\t\t<div class=\"elementor-element elementor-element-4560a7c elementor-position-top elementor-vertical-align-top elementor-widget elementor-widget-image-box\" data-id=\"4560a7c\" data-element_type=\"widget\" data-widget_type=\"image-box.default\">\n\t\t\t\t<div class=\"elementor-widget-container\">\n\t\t\t<div class=\"elementor-image-box-wrapper\"><figure class=\"elementor-image-box-img\"><a href=\"http:\/\/westcamper.com.ua\/forum\/viewtopic.php?f=73&#038;t=4063#p48912\"><img width=\"1600\" height=\"900\" src=\"http:\/\/westcamper.com.ua\/wp-content\/uploads\/2020\/05\/\u0438\u0437\u043e\u0431\u0440\u0430\u0436\u0435\u043d\u0438\u0435_viber_2020-05-24_16-03-48-e1.jpg\" class=\"attachment-full size-full\" alt=\"\" decoding=\"async\" loading=\"lazy\" srcset=\"http:\/\/westcamper.com.ua\/wp-content\/uploads\/2020\/05\/\u0438\u0437\u043e\u0431\u0440\u0430\u0436\u0435\u043d\u0438\u0435_viber_2020-05-24_16-03-48-e1.jpg 1600w, http:\/\/westcamper.com.ua\/wp-content\/uploads\/2020\/05\/\u0438\u0437\u043e\u0431\u0440\u0430\u0436\u0435\u043d\u0438\u0435_viber_2020-05-24_16-03-48-e1-300x169.jpg 300w, http:\/\/westcamper.com.ua\/wp-content\/uploads\/2020\/05\/\u0438\u0437\u043e\u0431\u0440\u0430\u0436\u0435\u043d\u0438\u0435_viber_2020-05-24_16-03-48-e1-1024x576.jpg 1024w, http:\/\/westcamper.com.ua\/wp-content\/uploads\/2020\/05\/\u0438\u0437\u043e\u0431\u0440\u0430\u0436\u0435\u043d\u0438\u0435_viber_2020-05-24_16-03-48-e1-768x432.jpg 768w, http:\/\/westcamper.com.ua\/wp-content\/uploads\/2020\/05\/\u0438\u0437\u043e\u0431\u0440\u0430\u0436\u0435\u043d\u0438\u0435_viber_2020-05-24_16-03-48-e1-1536x864.jpg 1536w, http:\/\/westcamper.com.ua\/wp-content\/uploads\/2020\/05\/\u0438\u0437\u043e\u0431\u0440\u0430\u0436\u0435\u043d\u0438\u0435_viber_2020-05-24_16-03-48-e1-150x85.jpg 150w, http:\/\/westcamper.com.ua\/wp-content\/uploads\/2020\/05\/\u0438\u0437\u043e\u0431\u0440\u0430\u0436\u0435\u043d\u0438\u0435_viber_2020-05-24_16-03-48-e1-600x338.jpg 600w\" sizes=\"(max-width: 1600px) 100vw, 1600px\" \/><\/a><\/figure><div class=\"elementor-image-box-content\"><h3 class=\"elementor-image-box-title\"><a href=\"http:\/\/westcamper.com.ua\/forum\/viewtopic.php?f=73&#038;t=4063#p48912\">\u041c\u043e\u0442\u043e \u0437\u043b\u0456\u0442 \u0421\u043b\u043e\u0432\u0430\u0447\u0447\u0438\u043d\u0430, Zempl\u00ednska \u0160\u00edrava, 15-18 \u0441\u0435\u0440\u043f\u043d\u044f 2019<\/a><\/h3><\/div><\/div>\t\t<\/div>\n\t\t\t\t<\/div>\n\t\t\t\t\t\t<\/div>\n\t\t\t<\/div>\n\t\t<\/div>\n\t\t\t\t\t\t<\/div>\n\t\t\t<\/div>\n\t\t<\/section>\n\t\t\t\t<section class=\"elementor-element elementor-element-2c95052 elementor-section-boxed elementor-section-height-default elementor-section-height-default elementor-section elementor-inner-section\" data-id=\"2c95052\" data-element_type=\"section\">\n\t\t\t\t\t\t<div class=\"elementor-container elementor-column-gap-default\">\n\t\t\t\t<div class=\"elementor-row\">\n\t\t\t\t<div class=\"elementor-element elementor-element-15887b2 elementor-invisible elementor-column elementor-col-33 elementor-inner-column\" data-id=\"15887b2\" data-element_type=\"column\" data-settings=\"{&quot;animation&quot;:&quot;slideInUp&quot;}\">\n\t\t\t<div class=\"elementor-column-wrap  elementor-element-populated\">\n\t\t\t\t\t<div class=\"elementor-widget-wrap\">\n\t\t\t\t<div class=\"elementor-element elementor-element-cf24a0c elementor-position-top elementor-vertical-align-top elementor-widget elementor-widget-image-box\" data-id=\"cf24a0c\" data-element_type=\"widget\" data-widget_type=\"image-box.default\">\n\t\t\t\t<div class=\"elementor-widget-container\">\n\t\t\t<div class=\"elementor-image-box-wrapper\"><figure class=\"elementor-image-box-img\"><a href=\"http:\/\/westcamper.com.ua\/forum\/viewtopic.php?f=73&#038;t=3962&#038;start=30#p48018\"><img width=\"800\" height=\"450\" src=\"http:\/\/westcamper.com.ua\/wp-content\/uploads\/2023\/06\/nb.jpg\" class=\"attachment-full size-full\" alt=\"\" decoding=\"async\" loading=\"lazy\" srcset=\"http:\/\/westcamper.com.ua\/wp-content\/uploads\/2023\/06\/nb.jpg 800w, http:\/\/westcamper.com.ua\/wp-content\/uploads\/2023\/06\/nb-300x169.jpg 300w, http:\/\/westcamper.com.ua\/wp-content\/uploads\/2023\/06\/nb-768x432.jpg 768w, http:\/\/westcamper.com.ua\/wp-content\/uploads\/2023\/06\/nb-150x85.jpg 150w, http:\/\/westcamper.com.ua\/wp-content\/uploads\/2023\/06\/nb-600x338.jpg 600w\" sizes=\"(max-width: 800px) 100vw, 800px\" \/><\/a><\/figure><div class=\"elementor-image-box-content\"><h3 class=\"elementor-image-box-title\"><a href=\"http:\/\/westcamper.com.ua\/forum\/viewtopic.php?f=73&#038;t=3962&#038;start=30#p48018\">NY\u00cdRB\u00c1TORBAN \u0442\u0435\u0440\u043c\u0430\u043b\u0438, \u0423\u0433\u043e\u0440\u0449\u0438\u043d\u0430, 30 \u043a\u0432\u0456\u0442\u043d\u044f - 3 \u0442\u0440\u0430\u0432\u043d\u044f 2019.<\/a><\/h3><\/div><\/div>\t\t<\/div>\n\t\t\t\t<\/div>\n\t\t\t\t\t\t<\/div>\n\t\t\t<\/div>\n\t\t<\/div>\n\t\t\t\t<div class=\"elementor-element elementor-element-04cbed8 elementor-invisible elementor-column elementor-col-33 elementor-inner-column\" data-id=\"04cbed8\" data-element_type=\"column\" data-settings=\"{&quot;animation&quot;:&quot;slideInUp&quot;}\">\n\t\t\t<div class=\"elementor-column-wrap  elementor-element-populated\">\n\t\t\t\t\t<div class=\"elementor-widget-wrap\">\n\t\t\t\t<div class=\"elementor-element elementor-element-79f4f58 elementor-position-top elementor-vertical-align-top elementor-widget elementor-widget-image-box\" data-id=\"79f4f58\" data-element_type=\"widget\" data-widget_type=\"image-box.default\">\n\t\t\t\t<div class=\"elementor-widget-container\">\n\t\t\t<div class=\"elementor-image-box-wrapper\"><figure class=\"elementor-image-box-img\"><a href=\"http:\/\/westcamper.com.ua\/forum\/viewtopic.php?f=73&#038;t=3966&#038;start=60\"><img width=\"800\" height=\"450\" src=\"http:\/\/westcamper.com.ua\/wp-content\/uploads\/2023\/06\/tur.jpg\" class=\"attachment-full size-full\" alt=\"\" decoding=\"async\" loading=\"lazy\" srcset=\"http:\/\/westcamper.com.ua\/wp-content\/uploads\/2023\/06\/tur.jpg 800w, http:\/\/westcamper.com.ua\/wp-content\/uploads\/2023\/06\/tur-300x169.jpg 300w, http:\/\/westcamper.com.ua\/wp-content\/uploads\/2023\/06\/tur-768x432.jpg 768w, http:\/\/westcamper.com.ua\/wp-content\/uploads\/2023\/06\/tur-150x85.jpg 150w, http:\/\/westcamper.com.ua\/wp-content\/uploads\/2023\/06\/tur-600x338.jpg 600w\" sizes=\"(max-width: 800px) 100vw, 800px\" \/><\/a><\/figure><div class=\"elementor-image-box-content\"><h3 class=\"elementor-image-box-title\"><a href=\"http:\/\/westcamper.com.ua\/forum\/viewtopic.php?f=73&#038;t=3966&#038;start=60\">\u0423\u0433\u043e\u0440\u0449\u0438\u043d\u0430, \u0437\u043b\u0456\u0442 \u0432 T\u00farkeve 18-22 \u043a\u0432\u0456\u0442\u043d\u044f 2019.<\/a><\/h3><\/div><\/div>\t\t<\/div>\n\t\t\t\t<\/div>\n\t\t\t\t\t\t<\/div>\n\t\t\t<\/div>\n\t\t<\/div>\n\t\t\t\t<div class=\"elementor-element elementor-element-62d277f elementor-invisible elementor-column elementor-col-33 elementor-inner-column\" data-id=\"62d277f\" data-element_type=\"column\" data-settings=\"{&quot;animation&quot;:&quot;slideInUp&quot;}\">\n\t\t\t<div class=\"elementor-column-wrap  elementor-element-populated\">\n\t\t\t\t\t<div class=\"elementor-widget-wrap\">\n\t\t\t\t<div class=\"elementor-element elementor-element-46dcb96 elementor-position-top elementor-vertical-align-top elementor-widget elementor-widget-image-box\" data-id=\"46dcb96\" data-element_type=\"widget\" data-widget_type=\"image-box.default\">\n\t\t\t\t<div class=\"elementor-widget-container\">\n\t\t\t<div class=\"elementor-image-box-wrapper\"><figure class=\"elementor-image-box-img\"><a href=\"http:\/\/westcamper.com.ua\/forum\/viewtopic.php?f=73&#038;t=3505&#038;start=75#p47529\"><img width=\"800\" height=\"450\" src=\"http:\/\/westcamper.com.ua\/wp-content\/uploads\/2023\/06\/umag_ed.jpg\" class=\"attachment-full size-full\" alt=\"\" decoding=\"async\" loading=\"lazy\" srcset=\"http:\/\/westcamper.com.ua\/wp-content\/uploads\/2023\/06\/umag_ed.jpg 800w, http:\/\/westcamper.com.ua\/wp-content\/uploads\/2023\/06\/umag_ed-300x169.jpg 300w, http:\/\/westcamper.com.ua\/wp-content\/uploads\/2023\/06\/umag_ed-768x432.jpg 768w, http:\/\/westcamper.com.ua\/wp-content\/uploads\/2023\/06\/umag_ed-150x85.jpg 150w, http:\/\/westcamper.com.ua\/wp-content\/uploads\/2023\/06\/umag_ed-600x338.jpg 600w\" sizes=\"(max-width: 800px) 100vw, 800px\" \/><\/a><\/figure><div class=\"elementor-image-box-content\"><h3 class=\"elementor-image-box-title\"><a href=\"http:\/\/westcamper.com.ua\/forum\/viewtopic.php?f=73&#038;t=3505&#038;start=75#p47529\">Adria Rally 2018, \u0425\u043e\u0440\u0432\u0430\u0442\u0456\u044f, Park Umag.<\/a><\/h3><\/div><\/div>\t\t<\/div>\n\t\t\t\t<\/div>\n\t\t\t\t\t\t<\/div>\n\t\t\t<\/div>\n\t\t<\/div>\n\t\t\t\t\t\t<\/div>\n\t\t\t<\/div>\n\t\t<\/section>\n\t\t\t\t<section class=\"elementor-element elementor-element-d89b3c6 elementor-section-boxed elementor-section-height-default elementor-section-height-default elementor-section elementor-inner-section\" data-id=\"d89b3c6\" data-element_type=\"section\">\n\t\t\t\t\t\t<div class=\"elementor-container elementor-column-gap-default\">\n\t\t\t\t<div class=\"elementor-row\">\n\t\t\t\t<div class=\"elementor-element elementor-element-8f62a9a elementor-invisible elementor-column elementor-col-33 elementor-inner-column\" data-id=\"8f62a9a\" data-element_type=\"column\" data-settings=\"{&quot;animation&quot;:&quot;slideInUp&quot;}\">\n\t\t\t<div class=\"elementor-column-wrap  elementor-element-populated\">\n\t\t\t\t\t<div class=\"elementor-widget-wrap\">\n\t\t\t\t<div class=\"elementor-element elementor-element-95e4678 elementor-position-top elementor-vertical-align-top elementor-widget elementor-widget-image-box\" data-id=\"95e4678\" data-element_type=\"widget\" data-widget_type=\"image-box.default\">\n\t\t\t\t<div class=\"elementor-widget-container\">\n\t\t\t<div class=\"elementor-image-box-wrapper\"><figure class=\"elementor-image-box-img\"><a href=\"http:\/\/westcamper.com.ua\/forum\/viewtopic.php?f=73&#038;t=3704&#038;start=135\"><img width=\"800\" height=\"450\" src=\"http:\/\/westcamper.com.ua\/wp-content\/uploads\/2023\/06\/nb18.jpg\" class=\"attachment-full size-full\" alt=\"\" decoding=\"async\" loading=\"lazy\" srcset=\"http:\/\/westcamper.com.ua\/wp-content\/uploads\/2023\/06\/nb18.jpg 800w, http:\/\/westcamper.com.ua\/wp-content\/uploads\/2023\/06\/nb18-300x169.jpg 300w, http:\/\/westcamper.com.ua\/wp-content\/uploads\/2023\/06\/nb18-768x432.jpg 768w, http:\/\/westcamper.com.ua\/wp-content\/uploads\/2023\/06\/nb18-150x85.jpg 150w, http:\/\/westcamper.com.ua\/wp-content\/uploads\/2023\/06\/nb18-600x338.jpg 600w\" sizes=\"(max-width: 800px) 100vw, 800px\" \/><\/a><\/figure><div class=\"elementor-image-box-content\"><h3 class=\"elementor-image-box-title\"><a href=\"http:\/\/westcamper.com.ua\/forum\/viewtopic.php?f=73&#038;t=3704&#038;start=135\">NY\u00cdRB\u00c1TORBAN \u0442\u0435\u0440\u043c\u0430\u043b\u0438, \u0423\u0433\u043e\u0440\u0449\u0438\u043d\u0430, 26 \u043a\u0432\u0456\u0442\u043d\u044f - 2 \u0442\u0440\u0430\u0432\u043d\u044f 2018.<\/a><\/h3><\/div><\/div>\t\t<\/div>\n\t\t\t\t<\/div>\n\t\t\t\t\t\t<\/div>\n\t\t\t<\/div>\n\t\t<\/div>\n\t\t\t\t<div class=\"elementor-element elementor-element-723e62d elementor-invisible elementor-column elementor-col-33 elementor-inner-column\" data-id=\"723e62d\" data-element_type=\"column\" data-settings=\"{&quot;animation&quot;:&quot;slideInUp&quot;}\">\n\t\t\t<div class=\"elementor-column-wrap  elementor-element-populated\">\n\t\t\t\t\t<div class=\"elementor-widget-wrap\">\n\t\t\t\t<div class=\"elementor-element elementor-element-07342bc elementor-position-top elementor-vertical-align-top elementor-widget elementor-widget-image-box\" data-id=\"07342bc\" data-element_type=\"widget\" data-widget_type=\"image-box.default\">\n\t\t\t\t<div class=\"elementor-widget-container\">\n\t\t\t<div class=\"elementor-image-box-wrapper\"><figure class=\"elementor-image-box-img\"><a href=\"http:\/\/westcamper.com.ua\/forum\/viewtopic.php?f=73&#038;t=2003&#038;p=55206#p55206\"><img width=\"628\" height=\"353\" src=\"http:\/\/westcamper.com.ua\/wp-content\/uploads\/2023\/08\/2015-2.jpg\" class=\"attachment-full size-full\" alt=\"\" decoding=\"async\" loading=\"lazy\" srcset=\"http:\/\/westcamper.com.ua\/wp-content\/uploads\/2023\/08\/2015-2.jpg 628w, http:\/\/westcamper.com.ua\/wp-content\/uploads\/2023\/08\/2015-2-300x169.jpg 300w, http:\/\/westcamper.com.ua\/wp-content\/uploads\/2023\/08\/2015-2-150x85.jpg 150w, http:\/\/westcamper.com.ua\/wp-content\/uploads\/2023\/08\/2015-2-600x337.jpg 600w\" sizes=\"(max-width: 628px) 100vw, 628px\" \/><\/a><\/figure><div class=\"elementor-image-box-content\"><h3 class=\"elementor-image-box-title\"><a href=\"http:\/\/westcamper.com.ua\/forum\/viewtopic.php?f=73&#038;t=2003&#038;p=55206#p55206\">\u0421\u0432\u0456\u0442\u043e\u0432\u0430 \u0437\u0443\u0441\u0442\u0440\u0456\u0447 82. FICC Rally - Novalja, Croatia Stra\u0161ko 27 \u0447\u0435\u0440\u0432\u043d\u044f - 4 \u043b\u0438\u043f\u043d\u044f 2015.<\/a><\/h3><\/div><\/div>\t\t<\/div>\n\t\t\t\t<\/div>\n\t\t\t\t\t\t<\/div>\n\t\t\t<\/div>\n\t\t<\/div>\n\t\t\t\t<div class=\"elementor-element elementor-element-f7f26f0 elementor-invisible elementor-column elementor-col-33 elementor-inner-column\" data-id=\"f7f26f0\" data-element_type=\"column\" data-settings=\"{&quot;animation&quot;:&quot;slideInUp&quot;}\">\n\t\t\t<div class=\"elementor-column-wrap  elementor-element-populated\">\n\t\t\t\t\t<div class=\"elementor-widget-wrap\">\n\t\t\t\t<div class=\"elementor-element elementor-element-ee71563 elementor-position-top elementor-vertical-align-top elementor-widget elementor-widget-image-box\" data-id=\"ee71563\" data-element_type=\"widget\" data-widget_type=\"image-box.default\">\n\t\t\t\t<div class=\"elementor-widget-container\">\n\t\t\t<div class=\"elementor-image-box-wrapper\"><figure class=\"elementor-image-box-img\"><img width=\"390\" height=\"219\" src=\"http:\/\/westcamper.com.ua\/wp-content\/uploads\/2023\/06\/blank.png\" class=\"attachment-full size-full\" alt=\"\" decoding=\"async\" loading=\"lazy\" srcset=\"http:\/\/westcamper.com.ua\/wp-content\/uploads\/2023\/06\/blank.png 390w, http:\/\/westcamper.com.ua\/wp-content\/uploads\/2023\/06\/blank-300x168.png 300w, http:\/\/westcamper.com.ua\/wp-content\/uploads\/2023\/06\/blank-150x85.png 150w\" sizes=\"(max-width: 390px) 100vw, 390px\" \/><\/figure><\/div>\t\t<\/div>\n\t\t\t\t<\/div>\n\t\t\t\t\t\t<\/div>\n\t\t\t<\/div>\n\t\t<\/div>\n\t\t\t\t\t\t<\/div>\n\t\t\t<\/div>\n\t\t<\/section>\n\t\t\t\t\t\t<\/div>\n\t\t\t<\/div>\n\t\t<\/div>\n\t\t\t\t\t\t<\/div>\n\t\t\t<\/div>\n\t\t<\/section>\n\t\t\t\t\t\t<\/div>\n\t\t\t<\/div>\n\t\t<\/div>\n\t\t","protected":false},"excerpt":{"rendered":"<p>8 \u0431\u0435\u0440\u0435\u0437\u043d\u044f 2021 \u0443 \u041a\u0430\u0440\u043f\u0430\u0442\u0430\u0445. \u041f\u043e\u043b\u044f\u043d\u0430 \u0423\u0433\u043e\u0440\u0449\u0438\u043d\u0430, R\u00e1ckeve. 12-15 \u0431\u0435\u0440\u0435\u0437\u043d\u044f 2020. \u041c\u043e\u0442\u043e \u0437\u043b\u0456\u0442 \u0421\u043b\u043e\u0432\u0430\u0447\u0447\u0438\u043d\u0430, Zempl\u00ednska \u0160\u00edrava, 15-18 \u0441\u0435\u0440\u043f\u043d\u044f 2019 NY\u00cdRB\u00c1TORBAN \u0442\u0435\u0440\u043c\u0430\u043b\u0438, \u0423\u0433\u043e\u0440\u0449\u0438\u043d\u0430, 30 \u043a\u0432\u0456\u0442\u043d\u044f &#8212; 3 \u0442\u0440\u0430\u0432\u043d\u044f 2019. \u0423\u0433\u043e\u0440\u0449\u0438\u043d\u0430, \u0437\u043b\u0456\u0442 \u0432 T\u00farkeve 18-22 \u043a\u0432\u0456\u0442\u043d\u044f 2019. Adria Rally 2018, \u0425\u043e\u0440\u0432\u0430\u0442\u0456\u044f, Park Umag. NY\u00cdRB\u00c1TORBAN \u0442\u0435\u0440\u043c\u0430\u043b\u0438, \u0423\u0433\u043e\u0440\u0449\u0438\u043d\u0430, 26 \u043a\u0432\u0456\u0442\u043d\u044f &#8212; 2 \u0442\u0440\u0430\u0432\u043d\u044f 2018. \u0421\u0432\u0456\u0442\u043e\u0432\u0430 \u0437\u0443\u0441\u0442\u0440\u0456\u0447 82. FICC Rally [&hellip;]<\/p>\n","protected":false},"author":1,"featured_media":0,"parent":0,"menu_order":0,"comment_status":"closed","ping_status":"closed","template":"","meta":[],"_links":{"self":[{"href":"http:\/\/westcamper.com.ua\/index.php?rest_route=\/wp\/v2\/pages\/461"}],"collection":[{"href":"http:\/\/westcamper.com.ua\/index.php?rest_route=\/wp\/v2\/pages"}],"about":[{"href":"http:\/\/westcamper.com.ua\/index.php?rest_route=\/wp\/v2\/types\/page"}],"author":[{"embeddable":true,"href":"http:\/\/westcamper.com.ua\/index.php?rest_route=\/wp\/v2\/users\/1"}],"replies":[{"embeddable":true,"href":"http:\/\/westcamper.com.ua\/index.php?rest_route=%2Fwp%2Fv2%2Fcomments&post=461"}],"version-history":[{"count":11,"href":"http:\/\/westcamper.com.ua\/index.php?rest_route=\/wp\/v2\/pages\/461\/revisions"}],"predecessor-version":[{"id":551,"href":"http:\/\/westcamper.com.ua\/index.php?rest_route=\/wp\/v2\/pages\/461\/revisions\/551"}],"wp:attachment":[{"href":"http:\/\/westcamper.com.ua\/index.php?rest_route=%2Fwp%2Fv2%2Fmedia&parent=461"}],"curies":[{"name":"wp","href":"https:\/\/api.w.org\/{rel}","templated":true}]}}